{"id":431,"date":"2025-05-19T15:06:38","date_gmt":"2025-05-19T15:06:38","guid":{"rendered":"https:\/\/indigo-tiger-987040.hostingersite.com\/?page_id=431"},"modified":"2025-07-30T16:40:28","modified_gmt":"2025-07-30T16:40:28","slug":"visitas-academicas","status":"publish","type":"page","link":"https:\/\/zonafrancalacayena.com\/en\/visitas-academicas\/","title":{"rendered":"Academic visits"},"content":{"rendered":"<div data-elementor-type=\"wp-page\" data-elementor-id=\"431\" class=\"elementor elementor-431\" data-elementor-settings=\"{&quot;ha_cmc_init_switcher&quot;:&quot;no&quot;,&quot;element_pack_global_tooltip_width&quot;:{&quot;unit&quot;:&quot;px&quot;,&quot;size&quot;:&quot;&quot;,&quot;sizes&quot;:[]},&quot;element_pack_global_tooltip_width_tablet&quot;:{&quot;unit&quot;:&quot;px&quot;,&quot;size&quot;:&quot;&quot;,&quot;sizes&quot;:[]},&quot;element_pack_global_tooltip_width_mobile&quot;:{&quot;unit&quot;:&quot;px&quot;,&quot;size&quot;:&quot;&quot;,&quot;sizes&quot;:[]},&quot;element_pack_global_tooltip_padding&quot;:{&quot;unit&quot;:&quot;px&quot;,&quot;top&quot;:&quot;&quot;,&quot;right&quot;:&quot;&quot;,&quot;bottom&quot;:&quot;&quot;,&quot;left&quot;:&quot;&quot;,&quot;isLinked&quot;:true},&quot;element_pack_global_tooltip_padding_tablet&quot;:{&quot;unit&quot;:&quot;px&quot;,&quot;top&quot;:&quot;&quot;,&quot;right&quot;:&quot;&quot;,&quot;bottom&quot;:&quot;&quot;,&quot;left&quot;:&quot;&quot;,&quot;isLinked&quot;:true},&quot;element_pack_global_tooltip_padding_mobile&quot;:{&quot;unit&quot;:&quot;px&quot;,&quot;top&quot;:&quot;&quot;,&quot;right&quot;:&quot;&quot;,&quot;bottom&quot;:&quot;&quot;,&quot;left&quot;:&quot;&quot;,&quot;isLinked&quot;:true},&quot;element_pack_global_tooltip_border_radius&quot;:{&quot;unit&quot;:&quot;px&quot;,&quot;top&quot;:&quot;&quot;,&quot;right&quot;:&quot;&quot;,&quot;bottom&quot;:&quot;&quot;,&quot;left&quot;:&quot;&quot;,&quot;isLinked&quot;:true},&quot;element_pack_global_tooltip_border_radius_tablet&quot;:{&quot;unit&quot;:&quot;px&quot;,&quot;top&quot;:&quot;&quot;,&quot;right&quot;:&quot;&quot;,&quot;bottom&quot;:&quot;&quot;,&quot;left&quot;:&quot;&quot;,&quot;isLinked&quot;:true},&quot;element_pack_global_tooltip_border_radius_mobile&quot;:{&quot;unit&quot;:&quot;px&quot;,&quot;top&quot;:&quot;&quot;,&quot;right&quot;:&quot;&quot;,&quot;bottom&quot;:&quot;&quot;,&quot;left&quot;:&quot;&quot;,&quot;isLinked&quot;:true}}\" data-elementor-post-type=\"page\">\n\t\t\t\t\t\t<section class=\"elementor-section elementor-top-section elementor-element elementor-element-b460a69 elementor-section-boxed elementor-section-height-default elementor-section-height-default\" data-id=\"b460a69\" data-element_type=\"section\" data-e-type=\"section\" data-settings=\"{&quot;background_background&quot;:&quot;classic&quot;,&quot;_ha_eqh_enable&quot;:false,&quot;ekit_has_onepagescroll_dot&quot;:&quot;yes&quot;}\">\n\t\t\t\t\t\t\t<div class=\"elementor-background-overlay\"><\/div>\n\t\t\t\t\t\t\t<div class=\"elementor-container elementor-column-gap-default\">\n\t\t\t\t\t<div class=\"elementor-column elementor-col-50 elementor-top-column elementor-element elementor-element-5022182 columna-fija\" data-id=\"5022182\" data-element_type=\"column\" data-e-type=\"column\">\n\t\t\t<div class=\"elementor-widget-wrap elementor-element-populated\">\n\t\t\t\t\t\t<div class=\"elementor-element elementor-element-ca1e3e5 elementor-widget elementor-widget-heading\" data-id=\"ca1e3e5\" data-element_type=\"widget\" data-e-type=\"widget\" data-settings=\"{&quot;ekit_we_effect_on&quot;:&quot;none&quot;}\" data-widget_type=\"heading.default\">\n\t\t\t\t<div class=\"elementor-widget-container\">\n\t\t\t\t\t<h2 class=\"elementor-heading-title elementor-size-default\">Academic visits<\/h2>\t\t\t\t<\/div>\n\t\t\t\t<\/div>\n\t\t\t\t<div class=\"elementor-element elementor-element-38f2a34 elementor-widget elementor-widget-heading\" data-id=\"38f2a34\" data-element_type=\"widget\" data-e-type=\"widget\" data-settings=\"{&quot;ekit_we_effect_on&quot;:&quot;none&quot;}\" data-widget_type=\"heading.default\">\n\t\t\t\t<div class=\"elementor-widget-container\">\n\t\t\t\t\t<h2 class=\"elementor-heading-title elementor-size-default\"><b>Get an up-close look at how a modern free zone works<\/b> and its impact on economic development. Schedule your academic visit and live a unique educational experience in La Cayena.<\/h2>\t\t\t\t<\/div>\n\t\t\t\t<\/div>\n\t\t\t\t\t<\/div>\n\t\t<\/div>\n\t\t\t\t<div class=\"elementor-column elementor-col-50 elementor-top-column elementor-element elementor-element-bffe529\" data-id=\"bffe529\" data-element_type=\"column\" data-e-type=\"column\" data-settings=\"{&quot;background_background&quot;:&quot;classic&quot;}\">\n\t\t\t<div class=\"elementor-widget-wrap elementor-element-populated\">\n\t\t\t\t\t\t<div class=\"elementor-element elementor-element-2345db4 elementor-widget elementor-widget-heading\" data-id=\"2345db4\" data-element_type=\"widget\" data-e-type=\"widget\" data-settings=\"{&quot;ekit_we_effect_on&quot;:&quot;none&quot;}\" data-widget_type=\"heading.default\">\n\t\t\t\t<div class=\"elementor-widget-container\">\n\t\t\t\t\t<h2 class=\"elementor-heading-title elementor-size-default\">We communicate with you!<\/h2>\t\t\t\t<\/div>\n\t\t\t\t<\/div>\n\t\t\t\t<div class=\"elementor-element elementor-element-f9b082c elementor-widget elementor-widget-heading\" data-id=\"f9b082c\" data-element_type=\"widget\" data-e-type=\"widget\" data-settings=\"{&quot;ekit_we_effect_on&quot;:&quot;none&quot;}\" data-widget_type=\"heading.default\">\n\t\t\t\t<div class=\"elementor-widget-container\">\n\t\t\t\t\t<h2 class=\"elementor-heading-title elementor-size-default\">Complete the information to contact you, please fill in all the fields requested in the form to get to know you better.<\/h2>\t\t\t\t<\/div>\n\t\t\t\t<\/div>\n\t\t\t\t<div class=\"elementor-element elementor-element-62a1b97 elementor-button-align-stretch elementor-widget elementor-widget-form\" data-id=\"62a1b97\" data-element_type=\"widget\" data-e-type=\"widget\" data-settings=\"{&quot;button_width&quot;:&quot;50&quot;,&quot;step_next_label&quot;:&quot;Next&quot;,&quot;step_previous_label&quot;:&quot;Previous&quot;,&quot;step_type&quot;:&quot;number_text&quot;,&quot;step_icon_shape&quot;:&quot;circle&quot;,&quot;ekit_we_effect_on&quot;:&quot;none&quot;}\" data-widget_type=\"form.default\">\n\t\t\t\t<div class=\"elementor-widget-container\">\n\t\t\t\t\t\t\t<form class=\"elementor-form\" method=\"post\" name=\"Form Visitas\" aria-label=\"Form Visitas\" action=\"\">\n\t\t\t<input type=\"hidden\" name=\"post_id\" value=\"431\"\/>\n\t\t\t<input type=\"hidden\" name=\"form_id\" value=\"62a1b97\"\/>\n\t\t\t<input type=\"hidden\" name=\"referer_title\" value=\"Zona Franca La Cayena\" \/>\n\n\t\t\t\n\t\t\t<div class=\"elementor-form-fields-wrapper elementor-labels-above\">\n\t\t\t\t\t\t\t\t<div class=\"elementor-field-type-text elementor-field-group elementor-column elementor-field-group-name elementor-col-100 elementor-field-required\">\n\t\t\t\t\t\t\t\t\t\t\t\t<label for=\"form-field-name\" class=\"elementor-field-label\">\n\t\t\t\t\t\t\t\tName of the institution:\t\t\t\t\t\t\t<\/label>\n\t\t\t\t\t\t\t\t\t\t\t\t\t\t<input size=\"1\" type=\"text\" name=\"form_fields[name]\" id=\"form-field-name\" class=\"elementor-field elementor-size-sm  elementor-field-textual\" placeholder=\"Type your name here.\" required=\"required\">\n\t\t\t\t\t\t\t\t\t\t\t<\/div>\n\t\t\t\t\t\t\t\t<div class=\"elementor-field-type-text elementor-field-group elementor-column elementor-field-group-field_14073ed elementor-col-100 elementor-field-required\">\n\t\t\t\t\t\t\t\t\t\t\t\t<label for=\"form-field-field_14073ed\" class=\"elementor-field-label\">\n\t\t\t\t\t\t\t\tName of the teacher or person in charge:\t\t\t\t\t\t\t<\/label>\n\t\t\t\t\t\t\t\t\t\t\t\t\t\t<input size=\"1\" type=\"text\" name=\"form_fields[field_14073ed]\" id=\"form-field-field_14073ed\" class=\"elementor-field elementor-size-sm  elementor-field-textual\" placeholder=\"Armando Yepes\" required=\"required\">\n\t\t\t\t\t\t\t\t\t\t\t<\/div>\n\t\t\t\t\t\t\t\t<div class=\"elementor-field-type-email elementor-field-group elementor-column elementor-field-group-email elementor-col-50 elementor-field-required\">\n\t\t\t\t\t\t\t\t\t\t\t\t<label for=\"form-field-email\" class=\"elementor-field-label\">\n\t\t\t\t\t\t\t\tContact e-mail address:\t\t\t\t\t\t\t<\/label>\n\t\t\t\t\t\t\t\t\t\t\t\t\t\t<input size=\"1\" type=\"email\" name=\"form_fields[email]\" id=\"form-field-email\" class=\"elementor-field elementor-size-sm  elementor-field-textual\" placeholder=\"ejemplo@gmail.com\" required=\"required\">\n\t\t\t\t\t\t\t\t\t\t\t<\/div>\n\t\t\t\t\t\t\t\t<div class=\"elementor-field-type-tel elementor-field-group elementor-column elementor-field-group-field_d8f85ac elementor-col-50\">\n\t\t\t\t\t\t\t\t\t\t\t\t<label for=\"form-field-field_d8f85ac\" class=\"elementor-field-label\">\n\t\t\t\t\t\t\t\tTelephone number\t\t\t\t\t\t\t<\/label>\n\t\t\t\t\t\t\t\t<input size=\"1\" type=\"tel\" name=\"form_fields[field_d8f85ac]\" id=\"form-field-field_d8f85ac\" class=\"elementor-field elementor-size-sm  elementor-field-textual\" placeholder=\"300 496 8765\" pattern=\"[0-9()#&amp;+*-=.]+\" title=\"Only numbers and phone characters (#, -, *, etc) are accepted.\">\n\n\t\t\t\t\t\t<\/div>\n\t\t\t\t\t\t\t\t<div class=\"elementor-field-type-text elementor-field-group elementor-column elementor-field-group-field_185a6bb elementor-col-50 elementor-field-required\">\n\t\t\t\t\t\t\t\t\t\t\t\t<label for=\"form-field-field_185a6bb\" class=\"elementor-field-label\">\n\t\t\t\t\t\t\t\tTentative date of visit:\t\t\t\t\t\t\t<\/label>\n\t\t\t\t\t\t\t\t\t\t\t\t\t\t<input size=\"1\" type=\"text\" name=\"form_fields[field_185a6bb]\" id=\"form-field-field_185a6bb\" class=\"elementor-field elementor-size-sm  elementor-field-textual\" placeholder=\"DD\/MM\/YYYY\" required=\"required\">\n\t\t\t\t\t\t\t\t\t\t\t<\/div>\n\t\t\t\t\t\t\t\t<div class=\"elementor-field-type-text elementor-field-group elementor-column elementor-field-group-field_d2f3a70 elementor-col-50 elementor-field-required\">\n\t\t\t\t\t\t\t\t\t\t\t\t<label for=\"form-field-field_d2f3a70\" class=\"elementor-field-label\">\n\t\t\t\t\t\t\t\tNumber of students:\t\t\t\t\t\t\t<\/label>\n\t\t\t\t\t\t\t\t\t\t\t\t\t\t<input size=\"1\" type=\"text\" name=\"form_fields[field_d2f3a70]\" id=\"form-field-field_d2f3a70\" class=\"elementor-field elementor-size-sm  elementor-field-textual\" placeholder=\"55\" required=\"required\">\n\t\t\t\t\t\t\t\t\t\t\t<\/div>\n\t\t\t\t\t\t\t\t<div class=\"elementor-field-type-textarea elementor-field-group elementor-column elementor-field-group-field_1a23ebe elementor-col-100\">\n\t\t\t\t\t\t\t\t\t\t\t\t<label for=\"form-field-field_1a23ebe\" class=\"elementor-field-label\">\n\t\t\t\t\t\t\t\tObjective of the visit:\t\t\t\t\t\t\t<\/label>\n\t\t\t\t\t\t<textarea class=\"elementor-field-textual elementor-field  elementor-size-sm\" name=\"form_fields[field_1a23ebe]\" id=\"form-field-field_1a23ebe\" rows=\"4\" placeholder=\"Objective of the visit:\"><\/textarea>\t\t\t\t<\/div>\n\t\t\t\t\t\t\t\t<div class=\"elementor-field-type-upload elementor-field-group elementor-column elementor-field-group-field_f95a64d elementor-col-100\">\n\t\t\t\t\t\t\t\t\t\t\t\t<label for=\"form-field-field_f95a64d\" class=\"elementor-field-label\">\n\t\t\t\t\t\t\t\tAttach document\t\t\t\t\t\t\t<\/label>\n\t\t\t\t\t\t\t\t<input type=\"file\" name=\"form_fields[field_f95a64d]\" id=\"form-field-field_f95a64d\" class=\"elementor-field elementor-size-sm  elementor-upload-field\">\n\n\t\t\t\t\t\t<\/div>\n\t\t\t\t\t\t\t\t<div class=\"elementor-field-type-acceptance elementor-field-group elementor-column elementor-field-group-field_98e7a0a elementor-col-100\">\n\t\t\t\t\t\t\t<div class=\"elementor-field-subgroup\">\n\t\t\t<span class=\"elementor-field-option\">\n\t\t\t\t<input type=\"checkbox\" name=\"form_fields[field_98e7a0a]\" id=\"form-field-field_98e7a0a\" class=\"elementor-field elementor-size-sm  elementor-acceptance-field\" checked=\"checked\">\n\t\t\t\t<label for=\"form-field-field_98e7a0a\">I agree to be contacted by the Zona Franca La Cayena team and receive relevant information\". (Avoid false leads and protect privacy compliance)<\/label>\t\t\t<\/span>\n\t\t<\/div>\n\t\t\t\t\t\t<\/div>\n\t\t\t\t\t\t\t\t<div class=\"elementor-field-group elementor-column elementor-field-type-submit elementor-col-50 e-form__buttons\">\n\t\t\t\t\t<button class=\"elementor-button elementor-size-sm\" type=\"submit\">\n\t\t\t\t\t\t<span class=\"elementor-button-content-wrapper\">\n\t\t\t\t\t\t\t\t\t\t\t\t\t\t\t\t\t\t\t\t\t\t<span class=\"elementor-button-text\">Send contact form <\/span>\n\t\t\t\t\t\t\t\t\t\t\t\t\t<\/span>\n\t\t\t\t\t<\/button>\n\t\t\t\t<\/div>\n\t\t\t<\/div>\n\t\t<input type=\"hidden\" name=\"trp-form-language\" value=\"en\"\/><\/form>\n\t\t\t\t\t\t<\/div>\n\t\t\t\t<\/div>\n\t\t\t\t\t<\/div>\n\t\t<\/div>\n\t\t\t\t\t<\/div>\n\t\t<\/section>\n\t\t\t\t<\/div>","protected":false},"excerpt":{"rendered":"<p>Visitas acad\u00e9micas Conoce de cerca el funcionamiento de una zona franca moderna y su impacto en el desarrollo econ\u00f3mico. Agenda tu visita acad\u00e9mica y vive una experiencia educativa \u00fanica en La Cayena. \u00a1Nos comunicamos contigo! Completa la informaci\u00f3n para comunicarnos contigo, por favor llenar todos los campos solicitados en el formulario para conocerte mejor.<\/p>","protected":false},"author":1,"featured_media":0,"parent":0,"menu_order":0,"comment_status":"closed","ping_status":"closed","template":"elementor_header_footer","meta":{"om_disable_all_campaigns":false,"footnotes":""},"class_list":["post-431","page","type-page","status-publish","hentry"],"yoast_head":"<!-- This site is optimized with the Yoast SEO plugin v27.0 - https:\/\/yoast.com\/product\/yoast-seo-wordpress\/ -->\n<title>Visitas acad\u00e9micas - Zona Franca La Cayena<\/title>\n<meta name=\"robots\" content=\"index, follow, max-snippet:-1, max-image-preview:large, max-video-preview:-1\" \/>\n<link rel=\"canonical\" href=\"https:\/\/zonafrancalacayena.com\/en\/visitas-academicas\/\" \/>\n<meta property=\"og:locale\" content=\"en_US\" \/>\n<meta property=\"og:type\" content=\"article\" \/>\n<meta property=\"og:title\" content=\"Visitas acad\u00e9micas - Zona Franca La Cayena\" \/>\n<meta property=\"og:description\" content=\"Visitas acad\u00e9micas Conoce de cerca el funcionamiento de una zona franca moderna y su impacto en el desarrollo econ\u00f3mico. Agenda tu visita acad\u00e9mica y vive una experiencia educativa \u00fanica en La Cayena. \u00a1Nos comunicamos contigo! Completa la informaci\u00f3n para comunicarnos contigo, por favor llenar todos los campos solicitados en el formulario para conocerte mejor.\" \/>\n<meta property=\"og:url\" content=\"https:\/\/zonafrancalacayena.com\/en\/visitas-academicas\/\" \/>\n<meta property=\"og:site_name\" content=\"Zona Franca La Cayena\" \/>\n<meta property=\"article:modified_time\" content=\"2025-07-30T16:40:28+00:00\" \/>\n<meta name=\"twitter:card\" content=\"summary_large_image\" \/>\n<meta name=\"twitter:label1\" content=\"Est. reading time\" \/>\n\t<meta name=\"twitter:data1\" content=\"1 minute\" \/>\n<script type=\"application\/ld+json\" class=\"yoast-schema-graph\">{\"@context\":\"https:\/\/schema.org\",\"@graph\":[{\"@type\":\"WebPage\",\"@id\":\"https:\/\/zonafrancalacayena.com\/en\/visitas-academicas\/\",\"url\":\"https:\/\/zonafrancalacayena.com\/en\/visitas-academicas\/\",\"name\":\"Visitas acad\u00e9micas - Zona Franca La Cayena\",\"isPartOf\":{\"@id\":\"https:\/\/zonafrancalacayena.com\/#website\"},\"datePublished\":\"2025-05-19T15:06:38+00:00\",\"dateModified\":\"2025-07-30T16:40:28+00:00\",\"breadcrumb\":{\"@id\":\"https:\/\/zonafrancalacayena.com\/en\/visitas-academicas\/#breadcrumb\"},\"inLanguage\":\"en-US\",\"potentialAction\":[{\"@type\":\"ReadAction\",\"target\":[\"https:\/\/zonafrancalacayena.com\/en\/visitas-academicas\/\"]}]},{\"@type\":\"BreadcrumbList\",\"@id\":\"https:\/\/zonafrancalacayena.com\/en\/visitas-academicas\/#breadcrumb\",\"itemListElement\":[{\"@type\":\"ListItem\",\"position\":1,\"name\":\"Inicio\",\"item\":\"https:\/\/zonafrancalacayena.com\/\"},{\"@type\":\"ListItem\",\"position\":2,\"name\":\"Visitas acad\u00e9micas\"}]},{\"@type\":\"WebSite\",\"@id\":\"https:\/\/zonafrancalacayena.com\/#website\",\"url\":\"https:\/\/zonafrancalacayena.com\/\",\"name\":\"Zona Franca La Cayena\",\"description\":\"\",\"potentialAction\":[{\"@type\":\"SearchAction\",\"target\":{\"@type\":\"EntryPoint\",\"urlTemplate\":\"https:\/\/zonafrancalacayena.com\/?s={search_term_string}\"},\"query-input\":{\"@type\":\"PropertyValueSpecification\",\"valueRequired\":true,\"valueName\":\"search_term_string\"}}],\"inLanguage\":\"en-US\"}]}<\/script>\n<!-- \/ Yoast SEO plugin. -->","yoast_head_json":{"title":"Visitas acad\u00e9micas - Zona Franca La Cayena","robots":{"index":"index","follow":"follow","max-snippet":"max-snippet:-1","max-image-preview":"max-image-preview:large","max-video-preview":"max-video-preview:-1"},"canonical":"https:\/\/zonafrancalacayena.com\/en\/visitas-academicas\/","og_locale":"en_US","og_type":"article","og_title":"Visitas acad\u00e9micas - Zona Franca La Cayena","og_description":"Visitas acad\u00e9micas Conoce de cerca el funcionamiento de una zona franca moderna y su impacto en el desarrollo econ\u00f3mico. Agenda tu visita acad\u00e9mica y vive una experiencia educativa \u00fanica en La Cayena. \u00a1Nos comunicamos contigo! Completa la informaci\u00f3n para comunicarnos contigo, por favor llenar todos los campos solicitados en el formulario para conocerte mejor.","og_url":"https:\/\/zonafrancalacayena.com\/en\/visitas-academicas\/","og_site_name":"Zona Franca La Cayena","article_modified_time":"2025-07-30T16:40:28+00:00","twitter_card":"summary_large_image","twitter_misc":{"Est. reading time":"1 minute"},"schema":{"@context":"https:\/\/schema.org","@graph":[{"@type":"WebPage","@id":"https:\/\/zonafrancalacayena.com\/en\/visitas-academicas\/","url":"https:\/\/zonafrancalacayena.com\/en\/visitas-academicas\/","name":"Visitas acad\u00e9micas - Zona Franca La Cayena","isPartOf":{"@id":"https:\/\/zonafrancalacayena.com\/#website"},"datePublished":"2025-05-19T15:06:38+00:00","dateModified":"2025-07-30T16:40:28+00:00","breadcrumb":{"@id":"https:\/\/zonafrancalacayena.com\/en\/visitas-academicas\/#breadcrumb"},"inLanguage":"en-US","potentialAction":[{"@type":"ReadAction","target":["https:\/\/zonafrancalacayena.com\/en\/visitas-academicas\/"]}]},{"@type":"BreadcrumbList","@id":"https:\/\/zonafrancalacayena.com\/en\/visitas-academicas\/#breadcrumb","itemListElement":[{"@type":"ListItem","position":1,"name":"Inicio","item":"https:\/\/zonafrancalacayena.com\/"},{"@type":"ListItem","position":2,"name":"Visitas acad\u00e9micas"}]},{"@type":"WebSite","@id":"https:\/\/zonafrancalacayena.com\/#website","url":"https:\/\/zonafrancalacayena.com\/","name":"La Cayena Free Trade Zone","description":"","potentialAction":[{"@type":"SearchAction","target":{"@type":"EntryPoint","urlTemplate":"https:\/\/zonafrancalacayena.com\/?s={search_term_string}"},"query-input":{"@type":"PropertyValueSpecification","valueRequired":true,"valueName":"search_term_string"}}],"inLanguage":"en-US"}]}},"_links":{"self":[{"href":"https:\/\/zonafrancalacayena.com\/en\/wp-json\/wp\/v2\/pages\/431","targetHints":{"allow":["GET"]}}],"collection":[{"href":"https:\/\/zonafrancalacayena.com\/en\/wp-json\/wp\/v2\/pages"}],"about":[{"href":"https:\/\/zonafrancalacayena.com\/en\/wp-json\/wp\/v2\/types\/page"}],"author":[{"embeddable":true,"href":"https:\/\/zonafrancalacayena.com\/en\/wp-json\/wp\/v2\/users\/1"}],"replies":[{"embeddable":true,"href":"https:\/\/zonafrancalacayena.com\/en\/wp-json\/wp\/v2\/comments?post=431"}],"version-history":[{"count":16,"href":"https:\/\/zonafrancalacayena.com\/en\/wp-json\/wp\/v2\/pages\/431\/revisions"}],"predecessor-version":[{"id":7316,"href":"https:\/\/zonafrancalacayena.com\/en\/wp-json\/wp\/v2\/pages\/431\/revisions\/7316"}],"wp:attachment":[{"href":"https:\/\/zonafrancalacayena.com\/en\/wp-json\/wp\/v2\/media?parent=431"}],"curies":[{"name":"wp","href":"https:\/\/api.w.org\/{rel}","templated":true}]}}