{"id":167,"date":"2025-05-15T18:43:26","date_gmt":"2025-05-15T18:43:26","guid":{"rendered":"https:\/\/indigo-tiger-987040.hostingersite.com\/?page_id=167"},"modified":"2025-06-24T20:20:06","modified_gmt":"2025-06-24T20:20:06","slug":"politicas-de-privacidad","status":"publish","type":"page","link":"https:\/\/zonafrancalacayena.com\/en\/politicas-de-privacidad\/","title":{"rendered":"Privacy Policy\u00a0"},"content":{"rendered":"<div data-elementor-type=\"wp-page\" data-elementor-id=\"167\" class=\"elementor elementor-167\" data-elementor-settings=\"{&quot;ha_cmc_init_switcher&quot;:&quot;no&quot;,&quot;element_pack_global_tooltip_width&quot;:{&quot;unit&quot;:&quot;px&quot;,&quot;size&quot;:&quot;&quot;,&quot;sizes&quot;:[]},&quot;element_pack_global_tooltip_width_tablet&quot;:{&quot;unit&quot;:&quot;px&quot;,&quot;size&quot;:&quot;&quot;,&quot;sizes&quot;:[]},&quot;element_pack_global_tooltip_width_mobile&quot;:{&quot;unit&quot;:&quot;px&quot;,&quot;size&quot;:&quot;&quot;,&quot;sizes&quot;:[]},&quot;element_pack_global_tooltip_padding&quot;:{&quot;unit&quot;:&quot;px&quot;,&quot;top&quot;:&quot;&quot;,&quot;right&quot;:&quot;&quot;,&quot;bottom&quot;:&quot;&quot;,&quot;left&quot;:&quot;&quot;,&quot;isLinked&quot;:true},&quot;element_pack_global_tooltip_padding_tablet&quot;:{&quot;unit&quot;:&quot;px&quot;,&quot;top&quot;:&quot;&quot;,&quot;right&quot;:&quot;&quot;,&quot;bottom&quot;:&quot;&quot;,&quot;left&quot;:&quot;&quot;,&quot;isLinked&quot;:true},&quot;element_pack_global_tooltip_padding_mobile&quot;:{&quot;unit&quot;:&quot;px&quot;,&quot;top&quot;:&quot;&quot;,&quot;right&quot;:&quot;&quot;,&quot;bottom&quot;:&quot;&quot;,&quot;left&quot;:&quot;&quot;,&quot;isLinked&quot;:true},&quot;element_pack_global_tooltip_border_radius&quot;:{&quot;unit&quot;:&quot;px&quot;,&quot;top&quot;:&quot;&quot;,&quot;right&quot;:&quot;&quot;,&quot;bottom&quot;:&quot;&quot;,&quot;left&quot;:&quot;&quot;,&quot;isLinked&quot;:true},&quot;element_pack_global_tooltip_border_radius_tablet&quot;:{&quot;unit&quot;:&quot;px&quot;,&quot;top&quot;:&quot;&quot;,&quot;right&quot;:&quot;&quot;,&quot;bottom&quot;:&quot;&quot;,&quot;left&quot;:&quot;&quot;,&quot;isLinked&quot;:true},&quot;element_pack_global_tooltip_border_radius_mobile&quot;:{&quot;unit&quot;:&quot;px&quot;,&quot;top&quot;:&quot;&quot;,&quot;right&quot;:&quot;&quot;,&quot;bottom&quot;:&quot;&quot;,&quot;left&quot;:&quot;&quot;,&quot;isLinked&quot;:true}}\" data-elementor-post-type=\"page\">\n\t\t\t\t\t\t<section class=\"elementor-section elementor-top-section elementor-element elementor-element-dce4cd5 elementor-section-boxed elementor-section-height-default elementor-section-height-default\" data-id=\"dce4cd5\" data-element_type=\"section\" data-e-type=\"section\" data-settings=\"{&quot;_ha_eqh_enable&quot;:false,&quot;ekit_has_onepagescroll_dot&quot;:&quot;yes&quot;}\">\n\t\t\t\t\t\t<div class=\"elementor-container elementor-column-gap-default\">\n\t\t\t\t\t<div class=\"elementor-column elementor-col-100 elementor-top-column elementor-element elementor-element-f1ccdb1\" data-id=\"f1ccdb1\" data-element_type=\"column\" data-e-type=\"column\">\n\t\t\t<div class=\"elementor-widget-wrap elementor-element-populated\">\n\t\t\t\t\t\t<div class=\"elementor-element elementor-element-fb6669c elementor-widget elementor-widget-heading\" data-id=\"fb6669c\" data-element_type=\"widget\" data-e-type=\"widget\" data-settings=\"{&quot;ekit_we_effect_on&quot;:&quot;none&quot;}\" data-widget_type=\"heading.default\">\n\t\t\t\t<div class=\"elementor-widget-container\">\n\t\t\t\t\t<h2 class=\"elementor-heading-title elementor-size-default\">Privacy Policy<\/h2>\t\t\t\t<\/div>\n\t\t\t\t<\/div>\n\t\t\t\t<div class=\"elementor-element elementor-element-01b4e61 elementor-widget-divider--view-line elementor-widget elementor-widget-divider\" data-id=\"01b4e61\" data-element_type=\"widget\" data-e-type=\"widget\" data-settings=\"{&quot;ekit_we_effect_on&quot;:&quot;none&quot;}\" data-widget_type=\"divider.default\">\n\t\t\t\t<div class=\"elementor-widget-container\">\n\t\t\t\t\t\t\t<div class=\"elementor-divider\">\n\t\t\t<span class=\"elementor-divider-separator\">\n\t\t\t\t\t\t<\/span>\n\t\t<\/div>\n\t\t\t\t\t\t<\/div>\n\t\t\t\t<\/div>\n\t\t\t\t\t<\/div>\n\t\t<\/div>\n\t\t\t\t\t<\/div>\n\t\t<\/section>\n\t\t\t\t<section class=\"elementor-section elementor-top-section elementor-element elementor-element-037a800 elementor-section-boxed elementor-section-height-default elementor-section-height-default\" data-id=\"037a800\" data-element_type=\"section\" data-e-type=\"section\" data-settings=\"{&quot;_ha_eqh_enable&quot;:false,&quot;ekit_has_onepagescroll_dot&quot;:&quot;yes&quot;}\">\n\t\t\t\t\t\t<div class=\"elementor-container elementor-column-gap-default\">\n\t\t\t\t\t<div class=\"elementor-column elementor-col-100 elementor-top-column elementor-element elementor-element-d2dfe8a\" data-id=\"d2dfe8a\" data-element_type=\"column\" data-e-type=\"column\" data-settings=\"{&quot;background_background&quot;:&quot;classic&quot;}\">\n\t\t\t<div class=\"elementor-widget-wrap elementor-element-populated\">\n\t\t\t\t\t\t<div class=\"elementor-element elementor-element-9664248 elementor-widget elementor-widget-text-editor\" data-id=\"9664248\" data-element_type=\"widget\" data-e-type=\"widget\" data-settings=\"{&quot;ekit_we_effect_on&quot;:&quot;none&quot;}\" data-widget_type=\"text-editor.default\">\n\t\t\t\t<div class=\"elementor-widget-container\">\n\t\t\t\t\t\t\t\t\t<p><strong>LA CAYENA PERMANENT FREE TRADE ZONE and CARIBBEAN FREE TRADE ZONE S.A.S. U.O.Z.F.<\/strong>in its capacity as responsible for the processing of personal data, informs all holders of personal information that, in compliance with Law 1581 of 2012, Decree 1377 of 2013 and other regulations in force regarding the protection of personal data, the information collected in the course of its activities will be processed in accordance with the purposes set forth in their respective Personal Data Processing Policies, available for consultation on this website.\u00a0<\/p><p>The collection and processing of personal data is carried out on the occasion of contractual, commercial, labor and\/or any other legitimate relationship established with customers, users, employees, suppliers, contractors, former employees, visitors and other third parties, in accordance with the principles of legality, purpose, freedom, truthfulness, transparency, restricted access and circulation, security, good faith and confidentiality.\u00a0<\/p><p>The holders may exercise their rights of access, update, rectification, suppression and revocation of the authorization, by means of a written request sent to the e-mail pqrs@zofracar.com or through physical communication to the address: Km 8 V\u00eda Tubar\u00e1, Atl\u00e1ntico.\u00a0<\/p><p><strong>Consult our Personal Data Processing Policies here:\u00a0<\/strong><br \/><a href=\"https:\/\/zonafrancalacayena.com\/wp-content\/uploads\/2025\/05\/POLITICA-DE-DATOS-ZOFRACAR.pdf\" target=\"_blank\" rel=\"noopener\"><span style=\"text-decoration: underline;\"><strong><span style=\"color: #e65527; text-decoration: underline;\">\ud83d\udd17 POLICY ZOFRACAR\u00a0<\/span><\/strong><\/span><\/a><br \/><a href=\"https:\/\/zonafrancalacayena.com\/wp-content\/uploads\/2025\/05\/POLITICA-DE-DATOS-CAYENA.pdf\" target=\"_blank\" rel=\"noopener\"><span style=\"text-decoration: underline;\"><strong><span style=\"color: #e65527; text-decoration: underline;\">\ud83d\udd17 CAYENNE POLICY\u00a0<\/span><\/strong><\/span><\/a><\/p>\t\t\t\t\t\t\t\t<\/div>\n\t\t\t\t<\/div>\n\t\t\t\t\t<\/div>\n\t\t<\/div>\n\t\t\t\t\t<\/div>\n\t\t<\/section>\n\t\t\t\t<\/div>","protected":false},"excerpt":{"rendered":"<p>Pol\u00edtica de privacidad ZONA FRANCA PERMANENTE LA CAYENA y ZONA FRANCA DEL CARIBE S.A.S U.O.Z.F., en su calidad de responsables del tratamiento de datos personales, informan a todos los titulares de informaci\u00f3n personal que, en cumplimiento de la Ley 1581 de 2012, el Decreto 1377 de 2013 y dem\u00e1s normas vigentes en materia de protecci\u00f3n [&hellip;]<\/p>","protected":false},"author":1,"featured_media":0,"parent":0,"menu_order":0,"comment_status":"closed","ping_status":"closed","template":"elementor_header_footer","meta":{"om_disable_all_campaigns":false,"footnotes":""},"class_list":["post-167","page","type-page","status-publish","hentry"],"yoast_head":"<!-- This site is optimized with the Yoast SEO plugin v27.0 - https:\/\/yoast.com\/product\/yoast-seo-wordpress\/ -->\n<title>Pol\u00edticas de privacidad\u00a0 - Zona Franca La Cayena<\/title>\n<meta name=\"robots\" content=\"index, follow, max-snippet:-1, max-image-preview:large, max-video-preview:-1\" \/>\n<link rel=\"canonical\" href=\"https:\/\/zonafrancalacayena.com\/en\/politicas-de-privacidad\/\" \/>\n<meta property=\"og:locale\" content=\"en_US\" \/>\n<meta property=\"og:type\" content=\"article\" \/>\n<meta property=\"og:title\" content=\"Pol\u00edticas de privacidad\u00a0 - Zona Franca La Cayena\" \/>\n<meta property=\"og:description\" content=\"Pol\u00edtica de privacidad ZONA FRANCA PERMANENTE LA CAYENA y ZONA FRANCA DEL CARIBE S.A.S U.O.Z.F., en su calidad de responsables del tratamiento de datos personales, informan a todos los titulares de informaci\u00f3n personal que, en cumplimiento de la Ley 1581 de 2012, el Decreto 1377 de 2013 y dem\u00e1s normas vigentes en materia de protecci\u00f3n [&hellip;]\" \/>\n<meta property=\"og:url\" content=\"https:\/\/zonafrancalacayena.com\/en\/politicas-de-privacidad\/\" \/>\n<meta property=\"og:site_name\" content=\"Zona Franca La Cayena\" \/>\n<meta property=\"article:modified_time\" content=\"2025-06-24T20:20:06+00:00\" \/>\n<meta name=\"twitter:card\" content=\"summary_large_image\" \/>\n<meta name=\"twitter:label1\" content=\"Est. reading time\" \/>\n\t<meta name=\"twitter:data1\" content=\"1 minute\" \/>\n<script type=\"application\/ld+json\" class=\"yoast-schema-graph\">{\"@context\":\"https:\/\/schema.org\",\"@graph\":[{\"@type\":\"WebPage\",\"@id\":\"https:\/\/zonafrancalacayena.com\/en\/politicas-de-privacidad\/\",\"url\":\"https:\/\/zonafrancalacayena.com\/en\/politicas-de-privacidad\/\",\"name\":\"Pol\u00edticas de privacidad\u00a0 - Zona Franca La Cayena\",\"isPartOf\":{\"@id\":\"https:\/\/zonafrancalacayena.com\/#website\"},\"datePublished\":\"2025-05-15T18:43:26+00:00\",\"dateModified\":\"2025-06-24T20:20:06+00:00\",\"breadcrumb\":{\"@id\":\"https:\/\/zonafrancalacayena.com\/en\/politicas-de-privacidad\/#breadcrumb\"},\"inLanguage\":\"en-US\",\"potentialAction\":[{\"@type\":\"ReadAction\",\"target\":[\"https:\/\/zonafrancalacayena.com\/en\/politicas-de-privacidad\/\"]}]},{\"@type\":\"BreadcrumbList\",\"@id\":\"https:\/\/zonafrancalacayena.com\/en\/politicas-de-privacidad\/#breadcrumb\",\"itemListElement\":[{\"@type\":\"ListItem\",\"position\":1,\"name\":\"Inicio\",\"item\":\"https:\/\/zonafrancalacayena.com\/\"},{\"@type\":\"ListItem\",\"position\":2,\"name\":\"Pol\u00edticas de privacidad\u00a0\"}]},{\"@type\":\"WebSite\",\"@id\":\"https:\/\/zonafrancalacayena.com\/#website\",\"url\":\"https:\/\/zonafrancalacayena.com\/\",\"name\":\"Zona Franca La Cayena\",\"description\":\"\",\"potentialAction\":[{\"@type\":\"SearchAction\",\"target\":{\"@type\":\"EntryPoint\",\"urlTemplate\":\"https:\/\/zonafrancalacayena.com\/?s={search_term_string}\"},\"query-input\":{\"@type\":\"PropertyValueSpecification\",\"valueRequired\":true,\"valueName\":\"search_term_string\"}}],\"inLanguage\":\"en-US\"}]}<\/script>\n<!-- \/ Yoast SEO plugin. -->","yoast_head_json":{"title":"Pol\u00edticas de privacidad\u00a0 - Zona Franca La Cayena","robots":{"index":"index","follow":"follow","max-snippet":"max-snippet:-1","max-image-preview":"max-image-preview:large","max-video-preview":"max-video-preview:-1"},"canonical":"https:\/\/zonafrancalacayena.com\/en\/politicas-de-privacidad\/","og_locale":"en_US","og_type":"article","og_title":"Pol\u00edticas de privacidad\u00a0 - Zona Franca La Cayena","og_description":"Pol\u00edtica de privacidad ZONA FRANCA PERMANENTE LA CAYENA y ZONA FRANCA DEL CARIBE S.A.S U.O.Z.F., en su calidad de responsables del tratamiento de datos personales, informan a todos los titulares de informaci\u00f3n personal que, en cumplimiento de la Ley 1581 de 2012, el Decreto 1377 de 2013 y dem\u00e1s normas vigentes en materia de protecci\u00f3n [&hellip;]","og_url":"https:\/\/zonafrancalacayena.com\/en\/politicas-de-privacidad\/","og_site_name":"Zona Franca La Cayena","article_modified_time":"2025-06-24T20:20:06+00:00","twitter_card":"summary_large_image","twitter_misc":{"Est. reading time":"1 minute"},"schema":{"@context":"https:\/\/schema.org","@graph":[{"@type":"WebPage","@id":"https:\/\/zonafrancalacayena.com\/en\/politicas-de-privacidad\/","url":"https:\/\/zonafrancalacayena.com\/en\/politicas-de-privacidad\/","name":"Pol\u00edticas de privacidad\u00a0 - Zona Franca La Cayena","isPartOf":{"@id":"https:\/\/zonafrancalacayena.com\/#website"},"datePublished":"2025-05-15T18:43:26+00:00","dateModified":"2025-06-24T20:20:06+00:00","breadcrumb":{"@id":"https:\/\/zonafrancalacayena.com\/en\/politicas-de-privacidad\/#breadcrumb"},"inLanguage":"en-US","potentialAction":[{"@type":"ReadAction","target":["https:\/\/zonafrancalacayena.com\/en\/politicas-de-privacidad\/"]}]},{"@type":"BreadcrumbList","@id":"https:\/\/zonafrancalacayena.com\/en\/politicas-de-privacidad\/#breadcrumb","itemListElement":[{"@type":"ListItem","position":1,"name":"Inicio","item":"https:\/\/zonafrancalacayena.com\/"},{"@type":"ListItem","position":2,"name":"Pol\u00edticas de privacidad\u00a0"}]},{"@type":"WebSite","@id":"https:\/\/zonafrancalacayena.com\/#website","url":"https:\/\/zonafrancalacayena.com\/","name":"La Cayena Free Trade Zone","description":"","potentialAction":[{"@type":"SearchAction","target":{"@type":"EntryPoint","urlTemplate":"https:\/\/zonafrancalacayena.com\/?s={search_term_string}"},"query-input":{"@type":"PropertyValueSpecification","valueRequired":true,"valueName":"search_term_string"}}],"inLanguage":"en-US"}]}},"_links":{"self":[{"href":"https:\/\/zonafrancalacayena.com\/en\/wp-json\/wp\/v2\/pages\/167","targetHints":{"allow":["GET"]}}],"collection":[{"href":"https:\/\/zonafrancalacayena.com\/en\/wp-json\/wp\/v2\/pages"}],"about":[{"href":"https:\/\/zonafrancalacayena.com\/en\/wp-json\/wp\/v2\/types\/page"}],"author":[{"embeddable":true,"href":"https:\/\/zonafrancalacayena.com\/en\/wp-json\/wp\/v2\/users\/1"}],"replies":[{"embeddable":true,"href":"https:\/\/zonafrancalacayena.com\/en\/wp-json\/wp\/v2\/comments?post=167"}],"version-history":[{"count":16,"href":"https:\/\/zonafrancalacayena.com\/en\/wp-json\/wp\/v2\/pages\/167\/revisions"}],"predecessor-version":[{"id":7167,"href":"https:\/\/zonafrancalacayena.com\/en\/wp-json\/wp\/v2\/pages\/167\/revisions\/7167"}],"wp:attachment":[{"href":"https:\/\/zonafrancalacayena.com\/en\/wp-json\/wp\/v2\/media?parent=167"}],"curies":[{"name":"wp","href":"https:\/\/api.w.org\/{rel}","templated":true}]}}